{"id":164,"date":"2019-03-11T19:48:05","date_gmt":"2019-03-11T18:48:05","guid":{"rendered":"http:\/\/192.168.178.104\/?page_id=164"},"modified":"2019-05-21T18:33:06","modified_gmt":"2019-05-21T18:33:06","slug":"indische-kopfmassage","status":"publish","type":"page","link":"https:\/\/flamm-schindler.de\/?page_id=164","title":{"rendered":"Indische Kopfmassage"},"content":{"rendered":"\n<p>Die indische Kopfmassage dient der Harmonisierung und Entspannung und wird im Gegensatz zu anderen Massagen sitzend auf dem Massagestuhl  durchgef\u00fchrt.<\/p>\n\n\n\n<p>Sie umfasst die Massage der Kopfhaut, der Ohren, des Gesichtes, des Nackens, der Schultern und des oberen R\u00fcckens und der Oberarme.<\/p>\n\n\n\n<p>Bei der sanften und langsamen indischen Kopfmassage mit duftenden Aroma\u00f6len kann man wunderbar entspannen und Stre\u00df loslassen, sie wirkt harmonisierend auf den gesamten Organismus.<\/p>\n\n\n\n<p><br><\/p>\n\n\n\n<div class=\"wp-block-image\"><figure class=\"aligncenter is-resized\"><img loading=\"lazy\" decoding=\"async\" src=\"https:\/\/flamm-schindler.de\/wp-content\/uploads\/2019\/05\/Fotolia_22205334_S.jpg\" alt=\"\" class=\"wp-image-407\" width=\"320\" height=\"481\" srcset=\"https:\/\/flamm-schindler.de\/wp-content\/uploads\/2019\/05\/Fotolia_22205334_S.jpg 565w, https:\/\/flamm-schindler.de\/wp-content\/uploads\/2019\/05\/Fotolia_22205334_S-199x300.jpg 199w\" sizes=\"auto, (max-width: 320px) 100vw, 320px\" \/><\/figure><\/div>\n","protected":false},"excerpt":{"rendered":"<p>Die indische Kopfmassage dient der Harmonisierung und Entspannung und wird im Gegensatz zu anderen Massagen sitzend auf dem Massagestuhl durchgef\u00fchrt. Sie umfasst die Massage der Kopfhaut, der Ohren, des Gesichtes, des Nackens, der Schultern und des oberen R\u00fcckens und der Oberarme. Bei der sanften und langsamen indischen Kopfmassage mit duftenden Aroma\u00f6len kann man wunderbar entspannen &hellip; <\/p>\n<p class=\"link-more\"><a href=\"https:\/\/flamm-schindler.de\/?page_id=164\" class=\"more-link\"><span class=\"screen-reader-text\">\u201eIndische Kopfmassage\u201c <\/span>weiterlesen<\/a><\/p>\n","protected":false},"author":2,"featured_media":0,"parent":0,"menu_order":0,"comment_status":"closed","ping_status":"closed","template":"","meta":{"footnotes":""},"class_list":["post-164","page","type-page","status-publish","hentry"],"_links":{"self":[{"href":"https:\/\/flamm-schindler.de\/index.php?rest_route=\/wp\/v2\/pages\/164","targetHints":{"allow":["GET"]}}],"collection":[{"href":"https:\/\/flamm-schindler.de\/index.php?rest_route=\/wp\/v2\/pages"}],"about":[{"href":"https:\/\/flamm-schindler.de\/index.php?rest_route=\/wp\/v2\/types\/page"}],"author":[{"embeddable":true,"href":"https:\/\/flamm-schindler.de\/index.php?rest_route=\/wp\/v2\/users\/2"}],"replies":[{"embeddable":true,"href":"https:\/\/flamm-schindler.de\/index.php?rest_route=%2Fwp%2Fv2%2Fcomments&post=164"}],"version-history":[{"count":2,"href":"https:\/\/flamm-schindler.de\/index.php?rest_route=\/wp\/v2\/pages\/164\/revisions"}],"predecessor-version":[{"id":425,"href":"https:\/\/flamm-schindler.de\/index.php?rest_route=\/wp\/v2\/pages\/164\/revisions\/425"}],"wp:attachment":[{"href":"https:\/\/flamm-schindler.de\/index.php?rest_route=%2Fwp%2Fv2%2Fmedia&parent=164"}],"curies":[{"name":"wp","href":"https:\/\/api.w.org\/{rel}","templated":true}]}}