{"id":171,"date":"2019-03-11T20:30:34","date_gmt":"2019-03-11T19:30:34","guid":{"rendered":"http:\/\/192.168.178.104\/?page_id=171"},"modified":"2019-05-21T18:33:43","modified_gmt":"2019-05-21T18:33:43","slug":"wellness-kopf-und-migraenemassage","status":"publish","type":"page","link":"https:\/\/flamm-schindler.de\/?page_id=171","title":{"rendered":"Kopf-Nacken-Schulter Massage"},"content":{"rendered":"\n<p><\/p>\n\n\n\n<p>Die Kopf-Nacken-Schulter Massage wird auf dem R\u00fccken liegend durchgef\u00fchrt.<\/p>\n\n\n\n<p>Sie dient der Lockerung der Schulter-Nacken Muskulatur, der Entspannung im Kopfbereich und dem L\u00f6sen von Blockaden, der Vitalisierung und der Besserung des Wohlbefindens.<br><\/p>\n\n\n\n<div class=\"wp-block-image\"><figure class=\"aligncenter is-resized\"><img loading=\"lazy\" decoding=\"async\" src=\"https:\/\/flamm-schindler.de\/wp-content\/uploads\/2019\/05\/Fotolia_22205085_S.jpg\" alt=\"\" class=\"wp-image-405\" width=\"550\" height=\"366\" srcset=\"https:\/\/flamm-schindler.de\/wp-content\/uploads\/2019\/05\/Fotolia_22205085_S.jpg 850w, https:\/\/flamm-schindler.de\/wp-content\/uploads\/2019\/05\/Fotolia_22205085_S-300x199.jpg 300w, https:\/\/flamm-schindler.de\/wp-content\/uploads\/2019\/05\/Fotolia_22205085_S-768x510.jpg 768w\" sizes=\"auto, (max-width: 550px) 100vw, 550px\" \/><\/figure><\/div>\n","protected":false},"excerpt":{"rendered":"<p>Die Kopf-Nacken-Schulter Massage wird auf dem R\u00fccken liegend durchgef\u00fchrt. Sie dient der Lockerung der Schulter-Nacken Muskulatur, der Entspannung im Kopfbereich und dem L\u00f6sen von Blockaden, der Vitalisierung und der Besserung des Wohlbefindens.<\/p>\n","protected":false},"author":2,"featured_media":0,"parent":0,"menu_order":0,"comment_status":"closed","ping_status":"closed","template":"","meta":{"footnotes":""},"class_list":["post-171","page","type-page","status-publish","hentry"],"_links":{"self":[{"href":"https:\/\/flamm-schindler.de\/index.php?rest_route=\/wp\/v2\/pages\/171","targetHints":{"allow":["GET"]}}],"collection":[{"href":"https:\/\/flamm-schindler.de\/index.php?rest_route=\/wp\/v2\/pages"}],"about":[{"href":"https:\/\/flamm-schindler.de\/index.php?rest_route=\/wp\/v2\/types\/page"}],"author":[{"embeddable":true,"href":"https:\/\/flamm-schindler.de\/index.php?rest_route=\/wp\/v2\/users\/2"}],"replies":[{"embeddable":true,"href":"https:\/\/flamm-schindler.de\/index.php?rest_route=%2Fwp%2Fv2%2Fcomments&post=171"}],"version-history":[{"count":2,"href":"https:\/\/flamm-schindler.de\/index.php?rest_route=\/wp\/v2\/pages\/171\/revisions"}],"predecessor-version":[{"id":426,"href":"https:\/\/flamm-schindler.de\/index.php?rest_route=\/wp\/v2\/pages\/171\/revisions\/426"}],"wp:attachment":[{"href":"https:\/\/flamm-schindler.de\/index.php?rest_route=%2Fwp%2Fv2%2Fmedia&parent=171"}],"curies":[{"name":"wp","href":"https:\/\/api.w.org\/{rel}","templated":true}]}}