{"id":178,"date":"2019-04-02T20:57:27","date_gmt":"2019-04-02T19:57:27","guid":{"rendered":"http:\/\/192.168.178.104\/?page_id=178"},"modified":"2019-05-21T18:34:32","modified_gmt":"2019-05-21T18:34:32","slug":"ohr-und-koerperkerzenanwendungen","status":"publish","type":"page","link":"https:\/\/flamm-schindler.de\/?page_id=178","title":{"rendered":"Ohr- und K\u00f6rperkerzenanwendungen"},"content":{"rendered":"\n<p>Seit geraumer Zeit werden die Ohr- und K\u00f6rperkerzen von Schamanen und Naturv\u00f6lkern im asiatischen, indonesischen, mittel- und nordamerikanischen Raum angewendet.  <\/p>\n\n\n\n<p>In den letzen Jahren hat diese wohltuende Entspannungsmethode auch den Weg zu uns nach Europa gefunden.<\/p>\n\n\n\n<p>Ohr- und K\u00f6rperkerzen sind wunderbar geeignet um Blockaden und St\u00f6rfelder im k\u00f6rpereigenen Energiefeld zu l\u00f6sen.<\/p>\n\n\n\n<p>Mit den jeweils farblich passenden Chakrakerzen lassen sich auch die jeweiligen Chakren energetisieren und harmonisieren.<\/p>\n\n\n\n<p>Nach der Anwendung der Ohr- oder K\u00f6rperkerzen schlie\u00dft sich noch eine Nachruhezeit an.<\/p>\n\n\n\n<p>Die von mir verwendeten Ohr- und K\u00f6rperkerzen bestehen ausschlie\u00dflich aus nat\u00fcrlichen Rohstoffen wie Bienenwachs, reinen pflanzlichen Farbstoffen und nat\u00fcrlichen \u00e4therischen \u00d6len und wurden in sorgf\u00e4ltiger Handarbeit angefertigt.<\/p>\n\n\n\n<p><\/p>\n\n\n\n<div class=\"wp-block-image\"><figure class=\"aligncenter\"><img loading=\"lazy\" decoding=\"async\" width=\"849\" height=\"566\" src=\"https:\/\/flamm-schindler.de\/wp-content\/uploads\/2019\/05\/Fotolia_26990601_S.jpg\" alt=\"\" class=\"wp-image-410\" srcset=\"https:\/\/flamm-schindler.de\/wp-content\/uploads\/2019\/05\/Fotolia_26990601_S.jpg 849w, https:\/\/flamm-schindler.de\/wp-content\/uploads\/2019\/05\/Fotolia_26990601_S-300x200.jpg 300w, https:\/\/flamm-schindler.de\/wp-content\/uploads\/2019\/05\/Fotolia_26990601_S-768x512.jpg 768w\" sizes=\"auto, (max-width: 767px) 89vw, (max-width: 1000px) 54vw, (max-width: 1071px) 543px, 580px\" \/><\/figure><\/div>\n","protected":false},"excerpt":{"rendered":"<p>Seit geraumer Zeit werden die Ohr- und K\u00f6rperkerzen von Schamanen und Naturv\u00f6lkern im asiatischen, indonesischen, mittel- und nordamerikanischen Raum angewendet. In den letzen Jahren hat diese wohltuende Entspannungsmethode auch den Weg zu uns nach Europa gefunden. Ohr- und K\u00f6rperkerzen sind wunderbar geeignet um Blockaden und St\u00f6rfelder im k\u00f6rpereigenen Energiefeld zu l\u00f6sen. Mit den jeweils farblich &hellip; <\/p>\n<p class=\"link-more\"><a href=\"https:\/\/flamm-schindler.de\/?page_id=178\" class=\"more-link\"><span class=\"screen-reader-text\">\u201eOhr- und K\u00f6rperkerzenanwendungen\u201c <\/span>weiterlesen<\/a><\/p>\n","protected":false},"author":2,"featured_media":0,"parent":0,"menu_order":0,"comment_status":"closed","ping_status":"closed","template":"","meta":{"footnotes":""},"class_list":["post-178","page","type-page","status-publish","hentry"],"_links":{"self":[{"href":"https:\/\/flamm-schindler.de\/index.php?rest_route=\/wp\/v2\/pages\/178","targetHints":{"allow":["GET"]}}],"collection":[{"href":"https:\/\/flamm-schindler.de\/index.php?rest_route=\/wp\/v2\/pages"}],"about":[{"href":"https:\/\/flamm-schindler.de\/index.php?rest_route=\/wp\/v2\/types\/page"}],"author":[{"embeddable":true,"href":"https:\/\/flamm-schindler.de\/index.php?rest_route=\/wp\/v2\/users\/2"}],"replies":[{"embeddable":true,"href":"https:\/\/flamm-schindler.de\/index.php?rest_route=%2Fwp%2Fv2%2Fcomments&post=178"}],"version-history":[{"count":1,"href":"https:\/\/flamm-schindler.de\/index.php?rest_route=\/wp\/v2\/pages\/178\/revisions"}],"predecessor-version":[{"id":428,"href":"https:\/\/flamm-schindler.de\/index.php?rest_route=\/wp\/v2\/pages\/178\/revisions\/428"}],"wp:attachment":[{"href":"https:\/\/flamm-schindler.de\/index.php?rest_route=%2Fwp%2Fv2%2Fmedia&parent=178"}],"curies":[{"name":"wp","href":"https:\/\/api.w.org\/{rel}","templated":true}]}}