{"id":302,"date":"2019-04-13T21:02:14","date_gmt":"2019-04-13T20:02:14","guid":{"rendered":"http:\/\/192.168.178.104\/?page_id=302"},"modified":"2019-05-21T18:29:55","modified_gmt":"2019-05-21T18:29:55","slug":"gutscheine","status":"publish","type":"page","link":"https:\/\/flamm-schindler.de\/?page_id=302","title":{"rendered":"Gutscheine"},"content":{"rendered":"\n<p>Nat\u00fcrlich k\u00f6nnen Sie bei mir auch f\u00fcr alle Anwendungen einen Geschenkgutschein erwerben. Der Betrag ist dabei frei w\u00e4hlbar.<br><\/p>\n\n\n\n<div class=\"wp-block-image\"><figure class=\"aligncenter\"><img loading=\"lazy\" decoding=\"async\" width=\"799\" height=\"601\" src=\"https:\/\/flamm-schindler.de\/wp-content\/uploads\/2019\/05\/Fotolia_71790659_S.jpg\" alt=\"\" class=\"wp-image-397\" srcset=\"https:\/\/flamm-schindler.de\/wp-content\/uploads\/2019\/05\/Fotolia_71790659_S.jpg 799w, https:\/\/flamm-schindler.de\/wp-content\/uploads\/2019\/05\/Fotolia_71790659_S-300x226.jpg 300w, https:\/\/flamm-schindler.de\/wp-content\/uploads\/2019\/05\/Fotolia_71790659_S-768x578.jpg 768w\" sizes=\"auto, (max-width: 767px) 89vw, (max-width: 1000px) 54vw, (max-width: 1071px) 543px, 580px\" \/><\/figure><\/div>\n","protected":false},"excerpt":{"rendered":"<p>Nat\u00fcrlich k\u00f6nnen Sie bei mir auch f\u00fcr alle Anwendungen einen Geschenkgutschein erwerben. Der Betrag ist dabei frei w\u00e4hlbar.<\/p>\n","protected":false},"author":1,"featured_media":0,"parent":0,"menu_order":0,"comment_status":"closed","ping_status":"closed","template":"","meta":{"footnotes":""},"class_list":["post-302","page","type-page","status-publish","hentry"],"_links":{"self":[{"href":"https:\/\/flamm-schindler.de\/index.php?rest_route=\/wp\/v2\/pages\/302","targetHints":{"allow":["GET"]}}],"collection":[{"href":"https:\/\/flamm-schindler.de\/index.php?rest_route=\/wp\/v2\/pages"}],"about":[{"href":"https:\/\/flamm-schindler.de\/index.php?rest_route=\/wp\/v2\/types\/page"}],"author":[{"embeddable":true,"href":"https:\/\/flamm-schindler.de\/index.php?rest_route=\/wp\/v2\/users\/1"}],"replies":[{"embeddable":true,"href":"https:\/\/flamm-schindler.de\/index.php?rest_route=%2Fwp%2Fv2%2Fcomments&post=302"}],"version-history":[{"count":1,"href":"https:\/\/flamm-schindler.de\/index.php?rest_route=\/wp\/v2\/pages\/302\/revisions"}],"predecessor-version":[{"id":421,"href":"https:\/\/flamm-schindler.de\/index.php?rest_route=\/wp\/v2\/pages\/302\/revisions\/421"}],"wp:attachment":[{"href":"https:\/\/flamm-schindler.de\/index.php?rest_route=%2Fwp%2Fv2%2Fmedia&parent=302"}],"curies":[{"name":"wp","href":"https:\/\/api.w.org\/{rel}","templated":true}]}}