{"id":44,"date":"2018-04-09T20:08:10","date_gmt":"2018-04-09T19:08:10","guid":{"rendered":"http:\/\/192.168.178.104\/?page_id=44"},"modified":"2019-05-21T18:34:08","modified_gmt":"2019-05-21T18:34:08","slug":"behandlungen_platzhalter","status":"publish","type":"page","link":"https:\/\/flamm-schindler.de\/?page_id=44","title":{"rendered":"R\u00fccken-Schulter-Nacken Entspannungsmassage"},"content":{"rendered":"<p>Die Entspannungsmassage ist eine wunderbare M\u00f6glichkeit sich verw\u00f6hnen zu lassen, sie wirkt harmonisierend auf den gesamten Organismus.<\/p>\n<p>Genie\u00dfen Sie die sanften und flie\u00dfenden Ber\u00fchrungen, lassen Sie den Alltagsstress hinter sich und die Seele einfach einmal baumeln.<\/p>\n<p>In einer ruhigen und geborgenen Atmosph\u00e4re k\u00f6nnen Sie in die sanften Kl\u00e4nge der Meditationsmusik und der Wohlger\u00fcche eintauchen und loslassen&#8230;<\/p>\n<p>G\u00f6nnen Sie sich eine Auszeit vom Trubel des Alltags und sp\u00fcren Sie die Entspannung!<\/p>\n\n\n<div class=\"wp-block-image\"><figure class=\"aligncenter is-resized\"><img loading=\"lazy\" decoding=\"async\" src=\"https:\/\/flamm-schindler.de\/wp-content\/uploads\/2019\/05\/Fotolia_22205123_S.jpg\" alt=\"\" class=\"wp-image-406\" width=\"370\" height=\"557\" srcset=\"https:\/\/flamm-schindler.de\/wp-content\/uploads\/2019\/05\/Fotolia_22205123_S.jpg 565w, https:\/\/flamm-schindler.de\/wp-content\/uploads\/2019\/05\/Fotolia_22205123_S-199x300.jpg 199w\" sizes=\"auto, (max-width: 370px) 100vw, 370px\" \/><\/figure><\/div>\n","protected":false},"excerpt":{"rendered":"<p>Die Entspannungsmassage ist eine wunderbare M\u00f6glichkeit sich verw\u00f6hnen zu lassen, sie wirkt harmonisierend auf den gesamten Organismus. Genie\u00dfen Sie die sanften und flie\u00dfenden Ber\u00fchrungen, lassen Sie den Alltagsstress hinter sich und die Seele einfach einmal baumeln. In einer ruhigen und geborgenen Atmosph\u00e4re k\u00f6nnen Sie in die sanften Kl\u00e4nge der Meditationsmusik und der Wohlger\u00fcche eintauchen und &hellip; <\/p>\n<p class=\"link-more\"><a href=\"https:\/\/flamm-schindler.de\/?page_id=44\" class=\"more-link\"><span class=\"screen-reader-text\">\u201eR\u00fccken-Schulter-Nacken Entspannungsmassage\u201c <\/span>weiterlesen<\/a><\/p>\n","protected":false},"author":1,"featured_media":0,"parent":0,"menu_order":0,"comment_status":"closed","ping_status":"closed","template":"","meta":{"footnotes":""},"class_list":["post-44","page","type-page","status-publish","hentry"],"_links":{"self":[{"href":"https:\/\/flamm-schindler.de\/index.php?rest_route=\/wp\/v2\/pages\/44","targetHints":{"allow":["GET"]}}],"collection":[{"href":"https:\/\/flamm-schindler.de\/index.php?rest_route=\/wp\/v2\/pages"}],"about":[{"href":"https:\/\/flamm-schindler.de\/index.php?rest_route=\/wp\/v2\/types\/page"}],"author":[{"embeddable":true,"href":"https:\/\/flamm-schindler.de\/index.php?rest_route=\/wp\/v2\/users\/1"}],"replies":[{"embeddable":true,"href":"https:\/\/flamm-schindler.de\/index.php?rest_route=%2Fwp%2Fv2%2Fcomments&post=44"}],"version-history":[{"count":2,"href":"https:\/\/flamm-schindler.de\/index.php?rest_route=\/wp\/v2\/pages\/44\/revisions"}],"predecessor-version":[{"id":427,"href":"https:\/\/flamm-schindler.de\/index.php?rest_route=\/wp\/v2\/pages\/44\/revisions\/427"}],"wp:attachment":[{"href":"https:\/\/flamm-schindler.de\/index.php?rest_route=%2Fwp%2Fv2%2Fmedia&parent=44"}],"curies":[{"name":"wp","href":"https:\/\/api.w.org\/{rel}","templated":true}]}}