{"id":73,"date":"2018-04-09T21:07:07","date_gmt":"2018-04-09T20:07:07","guid":{"rendered":"http:\/\/192.168.178.104\/?page_id=73"},"modified":"2019-05-05T17:50:37","modified_gmt":"2019-05-05T17:50:37","slug":"start_platzhalter","status":"publish","type":"page","link":"https:\/\/flamm-schindler.de\/","title":{"rendered":"Herzlich Willkommen"},"content":{"rendered":"\n<div class=\"wp-block-image\"><figure class=\"aligncenter\"><img decoding=\"async\" src=\"https:\/\/flamm-schindler.de\/wp-content\/uploads\/2019\/05\/Fotolia_95010406_S.jpg\" alt=\"\" class=\"wp-image-390\"\/><\/figure><\/div>\n\n\n<p style=\"text-align: left;\">Es freut mich, dass Sie sich f\u00fcr die von mir angebotenen Entspannungsmethoden interessieren. Schauen Sie sich in Ruhe um, vielleicht ist eine passende Anwendung dabei, welche Sie anspricht.<\/p>\n<p style=\"text-align: left;\">Ich w\u00fcrde mich sehr freuen, wenn Sie eine Zeit der Ruhe und Achtsamkeit, des Loslassens und der Entspannung bei mir finden k\u00f6nnen.<\/p>\n<p style=\"text-align: left;\">In harmonischer Atmosph\u00e4re gehe ich auf Sie und Ihre W\u00fcnsche individuell ein und freue mich, wenn ich Sie verw\u00f6hnen darf.<\/p>\n<p style=\"text-align: left;\">G\u00f6nnen Sie sich eine Auszeit vom Alltag!<\/p>\n<p style=\"text-align: left;\">Gerne stehe ich Ihnen f\u00fcr ein telefonisches Informationsgespr\u00e4ch zur Verf\u00fcgung, ich&nbsp; freue mich auf Sie!<\/p>\n<p style=\"text-align: left;\">Christine Flamm-Schindler<\/p>","protected":false},"excerpt":{"rendered":"<p>Es freut mich, dass Sie sich f\u00fcr die von mir angebotenen Entspannungsmethoden interessieren. Schauen Sie sich in Ruhe um, vielleicht ist eine passende Anwendung dabei, welche Sie anspricht. Ich w\u00fcrde mich sehr freuen, wenn Sie eine Zeit der Ruhe und Achtsamkeit, des Loslassens und der Entspannung bei mir finden k\u00f6nnen. In harmonischer Atmosph\u00e4re gehe ich &hellip; <\/p>\n<p class=\"link-more\"><a href=\"https:\/\/flamm-schindler.de\/\" class=\"more-link\"><span class=\"screen-reader-text\">\u201eHerzlich Willkommen\u201c <\/span>weiterlesen<\/a><\/p>\n","protected":false},"author":1,"featured_media":0,"parent":0,"menu_order":0,"comment_status":"closed","ping_status":"closed","template":"","meta":{"footnotes":""},"class_list":["post-73","page","type-page","status-publish","hentry"],"_links":{"self":[{"href":"https:\/\/flamm-schindler.de\/index.php?rest_route=\/wp\/v2\/pages\/73","targetHints":{"allow":["GET"]}}],"collection":[{"href":"https:\/\/flamm-schindler.de\/index.php?rest_route=\/wp\/v2\/pages"}],"about":[{"href":"https:\/\/flamm-schindler.de\/index.php?rest_route=\/wp\/v2\/types\/page"}],"author":[{"embeddable":true,"href":"https:\/\/flamm-schindler.de\/index.php?rest_route=\/wp\/v2\/users\/1"}],"replies":[{"embeddable":true,"href":"https:\/\/flamm-schindler.de\/index.php?rest_route=%2Fwp%2Fv2%2Fcomments&post=73"}],"version-history":[{"count":2,"href":"https:\/\/flamm-schindler.de\/index.php?rest_route=\/wp\/v2\/pages\/73\/revisions"}],"predecessor-version":[{"id":391,"href":"https:\/\/flamm-schindler.de\/index.php?rest_route=\/wp\/v2\/pages\/73\/revisions\/391"}],"wp:attachment":[{"href":"https:\/\/flamm-schindler.de\/index.php?rest_route=%2Fwp%2Fv2%2Fmedia&parent=73"}],"curies":[{"name":"wp","href":"https:\/\/api.w.org\/{rel}","templated":true}]}}