{"id":78,"date":"2018-04-12T19:47:51","date_gmt":"2018-04-12T18:47:51","guid":{"rendered":"http:\/\/192.168.178.104\/?page_id=78"},"modified":"2019-05-21T18:27:07","modified_gmt":"2019-05-21T18:27:07","slug":"entspannungsfussmassage","status":"publish","type":"page","link":"https:\/\/flamm-schindler.de\/?page_id=78","title":{"rendered":"Entspannungsfu\u00dfmassage"},"content":{"rendered":"\n<p>Unsere F\u00fc\u00dfe verbringen die meiste Zeit im Dunkeln, ohne frische Luft, eingezw\u00e4ngt in zu engen, hohen Schuhen und in synthetischen Str\u00fcmpfen.<\/p>\n\n\n\n<p>Fu\u00dfprobleme geh\u00f6ren in der heutigen Zeit f\u00fcr viele Menschen schon fast zur Norm. Uns werden unsere F\u00fc\u00dfe meistens erst dann bewusst, wenn sie uns Schmerzen bereiten.<\/p>\n\n\n\n<p>In unserer heutigen Gesellschaft sind viele Menschen so verkopft, dass sie den Kontakt zu ihren F\u00fc\u00dfen einfach verloren haben. Viele Naturv\u00f6lker glauben daran, dass \u00fcber die F\u00fc\u00dfe die Lebensenergie in den K\u00f6rper flie\u00dft.&nbsp;Je weniger wir uns mit unseren F\u00fc\u00dfen befassen, die F\u00fc\u00dfe wahrnehmen, barfu\u00df laufen, desto weniger geerdet sind wir.<\/p>\n\n\n\n<div class=\"wp-block-image\"><figure class=\"aligncenter\"><img loading=\"lazy\" decoding=\"async\" width=\"849\" height=\"566\" src=\"https:\/\/flamm-schindler.de\/wp-content\/uploads\/2019\/05\/Fotolia_122973154_S.jpg\" alt=\"\" class=\"wp-image-400\" srcset=\"https:\/\/flamm-schindler.de\/wp-content\/uploads\/2019\/05\/Fotolia_122973154_S.jpg 849w, https:\/\/flamm-schindler.de\/wp-content\/uploads\/2019\/05\/Fotolia_122973154_S-300x200.jpg 300w, https:\/\/flamm-schindler.de\/wp-content\/uploads\/2019\/05\/Fotolia_122973154_S-768x512.jpg 768w\" sizes=\"auto, (max-width: 767px) 89vw, (max-width: 1000px) 54vw, (max-width: 1071px) 543px, 580px\" \/><\/figure><\/div>\n\n\n\n<p>Eine Entspannungsfu\u00dfmassage ist eine wunderbare M\u00f6glichkeit &#8222;aus dem Kopf zu kommen&#8220; und die F\u00fc\u00dfe in angenehmer Atmosph\u00e4re wieder sp\u00fcren zu lernen.<\/p>\n\n\n\n<p>Wie der Name schon sagt, handelt es sich bei dieser circa 30 min\u00fctigen Massage um eine Anwendung, welche in erster Linie der Entspannung dient. Sind die F\u00fc\u00dfe warm, gelockert und entspannt, kann sich der ganze Mensch entspannen.<\/p>\n\n\n\n<div class=\"wp-block-image\"><figure class=\"aligncenter\"><img loading=\"lazy\" decoding=\"async\" width=\"850\" height=\"565\" src=\"https:\/\/flamm-schindler.de\/wp-content\/uploads\/2019\/05\/Fotolia_51977894_S.jpg\" alt=\"\" class=\"wp-image-413\" srcset=\"https:\/\/flamm-schindler.de\/wp-content\/uploads\/2019\/05\/Fotolia_51977894_S.jpg 850w, https:\/\/flamm-schindler.de\/wp-content\/uploads\/2019\/05\/Fotolia_51977894_S-300x199.jpg 300w, https:\/\/flamm-schindler.de\/wp-content\/uploads\/2019\/05\/Fotolia_51977894_S-768x510.jpg 768w\" sizes=\"auto, (max-width: 767px) 89vw, (max-width: 1000px) 54vw, (max-width: 1071px) 543px, 580px\" \/><\/figure><\/div>\n\n\n\n<p>Ganz nebenbei wird durch das sanfte Lockern, Kneten, Dr\u00fccken und Ausstreichen der Erm\u00fcdung der F\u00fc\u00dfe entgegen gewirkt, welche durch langes Sitzen oder Stehen und verkehrtem Schuhwerk t\u00e4glich gefordert werden. Das Wohlbefinden kann so gesteigert werden.<\/p>\n\n\n\n<p>Bei meditativer Musik und angenehm duftendem Massage\u00f6l d\u00fcrfen sie den Alltag und Stress hinter sich lassen und sich ganz dieser sanften und entspannenden Fu\u00dfmassage hingeben.<\/p>\n\n\n\n<div class=\"wp-block-image\"><figure class=\"aligncenter\"><img loading=\"lazy\" decoding=\"async\" width=\"849\" height=\"566\" src=\"https:\/\/flamm-schindler.de\/wp-content\/uploads\/2019\/05\/Fotolia_29656631_S.jpg\" alt=\"\" class=\"wp-image-411\" srcset=\"https:\/\/flamm-schindler.de\/wp-content\/uploads\/2019\/05\/Fotolia_29656631_S.jpg 849w, https:\/\/flamm-schindler.de\/wp-content\/uploads\/2019\/05\/Fotolia_29656631_S-300x200.jpg 300w, https:\/\/flamm-schindler.de\/wp-content\/uploads\/2019\/05\/Fotolia_29656631_S-768x512.jpg 768w\" sizes=\"auto, (max-width: 767px) 89vw, (max-width: 1000px) 54vw, (max-width: 1071px) 543px, 580px\" \/><\/figure><\/div>\n","protected":false},"excerpt":{"rendered":"<p>Unsere F\u00fc\u00dfe verbringen die meiste Zeit im Dunkeln, ohne frische Luft, eingezw\u00e4ngt in zu engen, hohen Schuhen und in synthetischen Str\u00fcmpfen. Fu\u00dfprobleme geh\u00f6ren in der heutigen Zeit f\u00fcr viele Menschen schon fast zur Norm. Uns werden unsere F\u00fc\u00dfe meistens erst dann bewusst, wenn sie uns Schmerzen bereiten. In unserer heutigen Gesellschaft sind viele Menschen so &hellip; <\/p>\n<p class=\"link-more\"><a href=\"https:\/\/flamm-schindler.de\/?page_id=78\" class=\"more-link\"><span class=\"screen-reader-text\">\u201eEntspannungsfu\u00dfmassage\u201c <\/span>weiterlesen<\/a><\/p>\n","protected":false},"author":1,"featured_media":0,"parent":0,"menu_order":0,"comment_status":"closed","ping_status":"closed","template":"","meta":{"footnotes":""},"class_list":["post-78","page","type-page","status-publish","hentry"],"_links":{"self":[{"href":"https:\/\/flamm-schindler.de\/index.php?rest_route=\/wp\/v2\/pages\/78","targetHints":{"allow":["GET"]}}],"collection":[{"href":"https:\/\/flamm-schindler.de\/index.php?rest_route=\/wp\/v2\/pages"}],"about":[{"href":"https:\/\/flamm-schindler.de\/index.php?rest_route=\/wp\/v2\/types\/page"}],"author":[{"embeddable":true,"href":"https:\/\/flamm-schindler.de\/index.php?rest_route=\/wp\/v2\/users\/1"}],"replies":[{"embeddable":true,"href":"https:\/\/flamm-schindler.de\/index.php?rest_route=%2Fwp%2Fv2%2Fcomments&post=78"}],"version-history":[{"count":5,"href":"https:\/\/flamm-schindler.de\/index.php?rest_route=\/wp\/v2\/pages\/78\/revisions"}],"predecessor-version":[{"id":415,"href":"https:\/\/flamm-schindler.de\/index.php?rest_route=\/wp\/v2\/pages\/78\/revisions\/415"}],"wp:attachment":[{"href":"https:\/\/flamm-schindler.de\/index.php?rest_route=%2Fwp%2Fv2%2Fmedia&parent=78"}],"curies":[{"name":"wp","href":"https:\/\/api.w.org\/{rel}","templated":true}]}}