{"id":81,"date":"2018-04-12T20:02:09","date_gmt":"2018-04-12T19:02:09","guid":{"rendered":"http:\/\/192.168.178.104\/?page_id=81"},"modified":"2019-05-21T18:32:08","modified_gmt":"2019-05-21T18:32:08","slug":"chakraenergiemassage-nach-marianne-uhl","status":"publish","type":"page","link":"https:\/\/flamm-schindler.de\/?page_id=81","title":{"rendered":"Chakraenergiemassage nach Marianne Uhl"},"content":{"rendered":"<blockquote>\n<p><strong>&#8222;F\u00fcr alle, die auf der Suche sind, ihre Ganzheit\u00a0 in der Einheit zu finden&#8230; In der Einheit von K\u00f6rper,\u00a0 Geist und Seele.&#8220; (Marianne Uhl)<\/strong><\/p>\n<\/blockquote>\n<p>Das Wort Chakra stammt aus dem indischen Wortschatz und bedeutet \u00fcbersetzt Energierad.<\/p>\n<p>Die Chakrenlehre kommt aus der indischen Yogatradition, welche tausende von Jahren alt ist.<\/p>\n<p>Die Chakren sind die Energiezentren in unserem K\u00f6rper und wirken sowohl auf physischer als auch auf psychischer Ebene. Man kann sie sich wie drehende Energiewirbel vorstellen.<\/p>\n<p>\u00dcber diese Energiezentren wird der Mensch auf k\u00f6rperlicher, mentaler und emotionaler Ebene mit feinstofflicher Energie versorgt. In unserem Kulturkreis sind folgende sieben Hauptchakren bekannt:<\/p>\n<ul>\n<li>das Scheitelchakra (Kronenchakra)<\/li>\n<li>das Stirnchakra (Drittes Auge)<\/li>\n<li>das Halschakra (Kehlchakra)<\/li>\n<li>das Herzchakra<\/li>\n<li>das Solarplexuschakra<\/li>\n<li>das Milzchakra (Sakralchakra)<\/li>\n<li>das Wurzelchakra<\/li>\n<\/ul>\n\n\n<div class=\"wp-block-image\"><figure class=\"aligncenter is-resized\"><img loading=\"lazy\" decoding=\"async\" src=\"https:\/\/flamm-schindler.de\/wp-content\/uploads\/2019\/05\/Fotolia_65419315_S.jpg\" alt=\"\" class=\"wp-image-396\" width=\"324\" height=\"253\" srcset=\"https:\/\/flamm-schindler.de\/wp-content\/uploads\/2019\/05\/Fotolia_65419315_S.jpg 785w, https:\/\/flamm-schindler.de\/wp-content\/uploads\/2019\/05\/Fotolia_65419315_S-300x234.jpg 300w, https:\/\/flamm-schindler.de\/wp-content\/uploads\/2019\/05\/Fotolia_65419315_S-768x599.jpg 768w\" sizes=\"auto, (max-width: 324px) 100vw, 324px\" \/><\/figure><\/div>\n\n\n\n<p>Diese sieben Chakren liegen auf der K\u00f6rpermittellinie. Jedes Chakra hat seine eigene Farbe und steht energetisch mit bestimmten Organen, Dr\u00fcsen und Geweben in Verbindung.<\/p>\n\n\n\n<p>Sind alle Chakren aktiv, sind wir in Harmonie mit uns selbst, der K\u00f6rper f\u00fchlt sich wohl, der Geist ist entspannt, die Seele empfindet Lebensfreude.<\/p>\n\n\n\n<p>Ist die Aktivit\u00e4t von einem oder mehreren Chakren in einer Disbalance, sind wir nicht in unserer Einheit, f\u00fchlen wir uns nicht im Fluss und unsere Energie ist blockiert.<\/p>\n\n\n\n<p>Um den freien Energiefluss wieder anzuregen, die Chakren wieder zu harmonisieren und zu unterst\u00fctzen gibt es viele verschiedene M\u00f6glichkeiten.<\/p>\n\n\n\n<p>Bei der Chakraenergiemassage an den F\u00fc\u00dfen handelt es sich um eine&nbsp; energetische Massage nach Marianne Uhl, bei der durch das Massieren bestimmter Zonen die k\u00f6rpereigenen Selbstheilungskr\u00e4fte aktiviert und Blockaden gel\u00f6st werden k\u00f6nnen.<\/p>\n\n\n\n<p>Unterst\u00fctzend verwende ich zu der Chakraenergiemassage die den jeweiligen Chakren zugeordneten und passenden Edelsteine, D\u00fcfte, Farben, und Kl\u00e4nge. Durch diese sorgf\u00e4ltig aufeinander abgestimmten Schwingungen kann der Mensch mitsamt seiner Chakren wieder in Harmonie und Balance gebracht werden.<\/p>\n\n\n\n<p>Genie\u00dfen Sie diese besondere Anwendung.<\/p>\n","protected":false},"excerpt":{"rendered":"<p>&#8222;F\u00fcr alle, die auf der Suche sind, ihre Ganzheit\u00a0 in der Einheit zu finden&#8230; In der Einheit von K\u00f6rper,\u00a0 Geist und Seele.&#8220; (Marianne Uhl) Das Wort Chakra stammt aus dem indischen Wortschatz und bedeutet \u00fcbersetzt Energierad. Die Chakrenlehre kommt aus der indischen Yogatradition, welche tausende von Jahren alt ist. Die Chakren sind die Energiezentren in &hellip; <\/p>\n<p class=\"link-more\"><a href=\"https:\/\/flamm-schindler.de\/?page_id=81\" class=\"more-link\"><span class=\"screen-reader-text\">\u201eChakraenergiemassage nach Marianne Uhl\u201c <\/span>weiterlesen<\/a><\/p>\n","protected":false},"author":1,"featured_media":0,"parent":0,"menu_order":0,"comment_status":"closed","ping_status":"closed","template":"","meta":{"footnotes":""},"class_list":["post-81","page","type-page","status-publish","hentry"],"_links":{"self":[{"href":"https:\/\/flamm-schindler.de\/index.php?rest_route=\/wp\/v2\/pages\/81","targetHints":{"allow":["GET"]}}],"collection":[{"href":"https:\/\/flamm-schindler.de\/index.php?rest_route=\/wp\/v2\/pages"}],"about":[{"href":"https:\/\/flamm-schindler.de\/index.php?rest_route=\/wp\/v2\/types\/page"}],"author":[{"embeddable":true,"href":"https:\/\/flamm-schindler.de\/index.php?rest_route=\/wp\/v2\/users\/1"}],"replies":[{"embeddable":true,"href":"https:\/\/flamm-schindler.de\/index.php?rest_route=%2Fwp%2Fv2%2Fcomments&post=81"}],"version-history":[{"count":3,"href":"https:\/\/flamm-schindler.de\/index.php?rest_route=\/wp\/v2\/pages\/81\/revisions"}],"predecessor-version":[{"id":424,"href":"https:\/\/flamm-schindler.de\/index.php?rest_route=\/wp\/v2\/pages\/81\/revisions\/424"}],"wp:attachment":[{"href":"https:\/\/flamm-schindler.de\/index.php?rest_route=%2Fwp%2Fv2%2Fmedia&parent=81"}],"curies":[{"name":"wp","href":"https:\/\/api.w.org\/{rel}","templated":true}]}}